{"id":377,"date":"2023-11-26T22:26:23","date_gmt":"2023-11-26T22:26:23","guid":{"rendered":"https:\/\/twofinewheels.com\/?page_id=377"},"modified":"2026-01-07T17:20:20","modified_gmt":"2026-01-07T17:20:20","slug":"imprimir","status":"publish","type":"page","link":"https:\/\/twofinewheels.com\/es\/imprimir\/","title":{"rendered":"Pie de imprenta"},"content":{"rendered":"<div data-elementor-type=\"wp-page\" data-elementor-id=\"377\" class=\"elementor elementor-377\" data-elementor-post-type=\"page\">\n\t\t\t\t\t\t<section class=\"elementor-section elementor-top-section elementor-element elementor-element-6a0573d elementor-section-boxed elementor-section-height-default elementor-section-height-default\" data-id=\"6a0573d\" data-element_type=\"section\" data-e-type=\"section\">\n\t\t\t\t\t\t<div class=\"elementor-container elementor-column-gap-default\">\n\t\t\t\t\t<div class=\"elementor-column elementor-col-100 elementor-top-column elementor-element elementor-element-529e578\" data-id=\"529e578\" data-element_type=\"column\" data-e-type=\"column\">\n\t\t\t<div class=\"elementor-widget-wrap elementor-element-populated\">\n\t\t\t\t\t\t<div class=\"elementor-element elementor-element-27673e6 elementor-widget elementor-widget-text-editor\" data-id=\"27673e6\" data-element_type=\"widget\" data-e-type=\"widget\" data-widget_type=\"text-editor.default\">\n\t\t\t\t<div class=\"elementor-widget-container\">\n\t\t\t\t\t\t\t\t\t<p class=\"MsoNormal\"><b>Pie de imprenta<\/b><br \/>Informaci\u00f3n seg\u00fan \u00a7 5 TMG \/ \u00a7 18 Abs. 2 MStV (si procede)<\/p>\n<p class=\"MsoNormal\"><b>Two Fine Wheels<\/b><br \/>Propietario \u00fanico: Fabian Runge<br \/>Bergmannstrasse 90<br \/>10961 Berl\u00edn<br \/>Alemania<\/p>\n<p class=\"MsoNormal\"><b>P\u00f3ngase en contacto con nosotros<\/b><br \/>Tel\u00e9fono: +49 30 286 43622<br \/>Correo electr\u00f3nico: info@twofinewheels.com<\/p>\n<p class=\"MsoNormal\"><b>N\u00famero de identificaci\u00f3n fiscal seg\u00fan \u00a7 27a UStG<\/b><br \/>ES 363007109<\/p>\n<p class=\"MsoNormal\"><b>Registro mercantil<\/b><br \/>No registrado.<\/p>\n<p>\u00a0<\/p>\n<p class=\"MsoNormal\"><b>P\u00e1gina web<\/b><br \/>twofinewheels.com<\/p>\t\t\t\t\t\t\t\t<\/div>\n\t\t\t\t<\/div>\n\t\t\t\t\t<\/div>\n\t\t<\/div>\n\t\t\t\t\t<\/div>\n\t\t<\/section>\n\t\t\t\t<section class=\"elementor-section elementor-top-section elementor-element elementor-element-cb799ae elementor-section-boxed elementor-section-height-default elementor-section-height-default\" data-id=\"cb799ae\" data-element_type=\"section\" data-e-type=\"section\">\n\t\t\t\t\t\t<div class=\"elementor-container elementor-column-gap-default\">\n\t\t\t\t\t<div class=\"elementor-column elementor-col-100 elementor-top-column elementor-element elementor-element-7f17754\" data-id=\"7f17754\" data-element_type=\"column\" data-e-type=\"column\">\n\t\t\t<div class=\"elementor-widget-wrap elementor-element-populated\">\n\t\t\t\t\t\t<div class=\"elementor-element elementor-element-e2841ab elementor-widget elementor-widget-text-editor\" data-id=\"e2841ab\" data-element_type=\"widget\" data-e-type=\"widget\" data-widget_type=\"text-editor.default\">\n\t\t\t\t<div class=\"elementor-widget-container\">\n\t\t\t\t\t\t\t\t\t<p><b>Pol\u00edtica de privacidad (DSGVO)&nbsp;<o:p><\/o:p><\/b><\/p><p><b>Pol\u00edtica de privacidad<\/b><o:p><\/o:p><\/p><p><b>1. organizador del acto<\/b><br>\nTwo Fine Wheels - Fabian Runge<br>\nBergmannstra\u00dfe 90, 10961 Berl\u00edn, Alemania<br>\nTel\u00e9fono: +49 30 286 43622<br>\nCorreo electr\u00f3nico: info@twofinewheels.com<o:p><\/o:p><\/p><p><b>2. responsable de la protecci\u00f3n de datos<\/b><br>\nNo se ha nombrado a un responsable de la protecci\u00f3n de datos.<o:p><\/o:p><\/p><p><b>3. alojamiento (STRATO)<\/b><br>\nNuestro sitio web est\u00e1 alojado en STRATO. Cuando se accede a la p\u00e1gina web\nel servidor de STRATO registra datos (en particular, la direcci\u00f3n IP, la fecha\/hora, la p\u00e1gina a la que se accede\nagente de usuario) con el fin de proporcionar el sitio web y prevenir ataques. STRATO\nalmacena las direcciones IP de los visitantes de la p\u00e1gina web seg\u00fan sus propios datos\nhasta 7 d\u00edas para la defensa\/detecci\u00f3n de ataques. La base jur\u00eddica\nes el art. 6 p\u00e1rr. 1 lit. f GDPR (inter\u00e9s leg\u00edtimo: provisi\u00f3n segura y estable).\nestable). <a href=\"https:\/\/www.strato-hosting.co.uk\/faq\/old\/questions-about-contract-data-processing-cdp-and-the-new-eu-general-data-protection-regulation-gdpr\/\" target=\"_blank\">STRATO GmbH<\/a><o:p><\/o:p><\/p><p><b>4. contacto (correo electr\u00f3nico\/tel\u00e9fono\/formulario de contacto)<\/b><br>\nCuando se pone en contacto con nosotros, procesamos sus datos (por ejemplo, nombre, direcci\u00f3n de correo electr\u00f3nico, n\u00famero de tel\u00e9fono, mensaje) para procesar su consulta,\nn\u00famero de tel\u00e9fono, mensaje) para tramitar su consulta. La base jur\u00eddica es\nArt. 6 apartado 1 lit. b GDPR (medidas precontractuales\/contrato) y\/o Art. 6\napartado 1, letra f del RGPD (comunicaci\u00f3n eficaz).<o:p><\/o:p><\/p><p><b>5. reserva de citas a trav\u00e9s de SumUp Bookings<\/b><br>\nUtilizamos <b>SumUp Reservas<\/b> para reservar citas. En el proceso\nse tratan los datos personales de los clientes finales y, en su caso, de los empleados para\npermitir y gestionar las citas. SumUp se\u00f1ala expresamente\nque los datos personales se tratan para la prestaci\u00f3n de los servicios de reserva y que se\nson tratados y para ello se utiliza un <b>Acuerdo de procesamiento de datos de reservas (APD de reservas)<\/b>\nse aplica. <a href=\"https:\/\/www.sumup.com\/de-de\/geschaeftsbedingungen\/bookings\/\" target=\"_blank\">SumUp - Una forma mejor de cobrar<\/a><br>\nBase jur\u00eddica: Art. 6 para. 1 lit. b GDPR\n(acuerdo de nombramiento\/inicio del contrato) y, si procede, art\u00edculo 6, apartado 1, letra f) del RGPD\n(organizaci\u00f3n\/administraci\u00f3n).<br>\n<b>Procesamiento\/transmisi\u00f3n de datos:<\/b> SumUp procesa datos en el \u00e1mbito de una\nuna APD. Seg\u00fan SumUp, el tratamiento tiene lugar en la <b>EEE y Reino Unido\nReino Unido<\/b> las transferencias a terceros pa\u00edses se realicen de conformidad con\ncl\u00e1usulas contractuales tipo o mecanismos adecuados. <a href=\"https:\/\/www.sumup.com\/de-de\/geschaeftsbedingungen\/dpa\/\" target=\"_blank\">SumUp\n- Una forma mejor de cobrar<\/a><br><br><o:p><\/o:p><\/p><p><b>6. gesti\u00f3n de cookies y consentimiento (Cookiebot CMP)<\/b><br>\nUtilizamos una herramienta de gesti\u00f3n del consentimiento para obtener y documentar el consentimiento para\ncookies\/tecnolog\u00edas que requieren consentimiento y para documentarlos.\nPara ello utilizamos <b>Cookiebot CMP<\/b> (Usercentrics A\/S, Havnegade 39, 1058\nCopenhague, Dinamarca). <a href=\"https:\/\/www.cookiebot.com\/en\/privacy-policy\/?utm_source=chatgpt.com\" target=\"_blank\">Cookiebot+1<\/a><br>\nBases jur\u00eddicas:<o:p><\/o:p><\/p><ul style=\"margin-top:0cm\" type=\"disc\">\n <li>t\u00e9cnicamente\n     Cookies necesarias: Art. 6 p\u00e1rr. 1 lit. f GDPR (inter\u00e9s leg\u00edtimo)<o:p><\/o:p><\/li>\n <li>An\u00e1lisis\/Marketing\/Exterior\n     Medios de comunicaci\u00f3n: Art. 6 p\u00e1rr. 1 lit. a GDPR (consentimiento) en relaci\u00f3n con el art. 25 TDDDG <a href=\"https:\/\/www.ihk.de\/koeln\/hauptnavigation\/recht-steuern\/regeln-fuer-cookies-ttdsg-5259484\" target=\"_blank\">C\u00e1mara de Comercio e Industria<\/a><br>\n     Puede modificar o revocar su consentimiento en cualquier momento a trav\u00e9s de \u201eConfiguraci\u00f3n de cookies\u201c\n     o revocarlo.<o:p><\/o:p><\/li>\n<\/ul><p><b>7. an\u00e1lisis web: Google Analytics (a trav\u00e9s de Google Tag Manager)<\/b><br>\nSi ha dado su consentimiento, utilizamos Google Analytics para medir el alcance y analizar\ny analizar el uso del sitio web. La integraci\u00f3n se realiza a trav\u00e9s de Google Tag\nManager. Base jur\u00eddica: art. 6, apdo. 1, letra a del RGPD (consentimiento).<br>\nEstablecemos\/configuramos en el \u00e1mbito del consentimiento <b>Modo Consentimiento<\/b>; Este\nrecibe las se\u00f1ales de consentimiento del banner y controla el comportamiento de las\netiquetas de Google. <a href=\"https:\/\/support.google.com\/google-ads\/answer\/10000067?hl=en\" target=\"_blank\">Ayuda de Google+1<\/a><br>\n<b>Beneficiario:<\/b> Google Ireland Limited (posiblemente asociada a\ntransferencias de datos a terceros pa\u00edses - dependiendo de la configuraci\u00f3n\/producto).<o:p><\/o:p><\/p><p><b>8. marketing\/conversi\u00f3n: Google Ads Conversion Tracking\n(v\u00eda GTM)<\/b><br>\nSi ha dado su consentimiento, medimos las conversiones de las campa\u00f1as de Google Ads.\nBase jur\u00eddica: Art. 6 p\u00e1rr. 1 lit. a GDPR (consentimiento). Tambi\u00e9n en este caso\nEl modo de consentimiento se utiliza para controlar la ejecuci\u00f3n de etiquetas. <a href=\"https:\/\/support.google.com\/google-ads\/answer\/10000067?hl=en\" target=\"_blank\">Ayuda de Google+1<\/a><o:p><\/o:p><\/p><p><b>9. google maps (incrustado)<\/b><br>\nGoogle Maps est\u00e1 integrado en el sitio web. Al cargarse, pueden transmitirse datos (p. ej.\ndirecci\u00f3n IP, datos de uso) pueden ser transmitidos a Google. Google Maps s\u00f3lo se carga\nse carga previo consentimiento en \u201eMedios externos\u201c (si se ha configurado en consecuencia).\nconfigurado en consecuencia).<o:p><\/o:p><\/p><p><b>10. google fonts (cargadas por Google)<\/b><br>\nCuando se cargan Google Fonts desde los servidores de Google, los datos de conexi\u00f3n (por ejemplo, la direcci\u00f3n IP) se transmiten a Google.\nlos datos de conexi\u00f3n (por ejemplo, la direcci\u00f3n IP) se transmiten a Google. Recomendamos alojar las fuentes\nlocalmente (entonces esta recarga de terceros no es necesaria).<o:p><\/o:p><\/p><p><b>11. periodo de almacenamiento<\/b><br>\nS\u00f3lo almacenamos los datos personales durante el tiempo que sea necesario para los respectivos\no mientras existan obligaciones legales de conservaci\u00f3n.<o:p><\/o:p><\/p><p><b>12. sus derechos<\/b><br>\nEn particular, tiene derecho a la informaci\u00f3n, rectificaci\u00f3n, supresi\u00f3n\nlimitaci\u00f3n del tratamiento, portabilidad de los datos y oposici\u00f3n.\nPuede revocar su consentimiento en cualquier momento con efectos para el futuro.<o:p><\/o:p><\/p><p><b>13. derecho de recurso<\/b><br>\nTiene derecho a presentar una reclamaci\u00f3n ante una autoridad supervisora de la protecci\u00f3n de datos.\nPor regla general, la autoridad de control de su lugar de residencia o de nuestra\nde la sede de nuestra empresa.<o:p><\/o:p><\/p><p><b>14. stand<\/b><br>01 de enero de 2026<o:p><\/o:p><\/p><div align=\"center\" style=\"text-align:center\">\n\n<hr size=\"2\" width=\"100%\" align=\"center\">\n\n<\/div><p><br><\/p><div align=\"center\" style=\"text-align:center\">\n\n<hr size=\"2\" width=\"100%\" align=\"center\">\n\n<\/div><p><b>Informaci\u00f3n sobre resoluci\u00f3n de litigios en materia de consumo<o:p><\/o:p><\/b><\/p><p><b>Notificaci\u00f3n con arreglo al art\u00edculo 36 de la VSBG (resoluci\u00f3n de litigios en materia de consumo):<\/b><br>\nNo estamos obligados ni dispuestos a participar en procedimientos de resoluci\u00f3n de litigios ante una\nante una junta arbitral de consumo.<\/p><div align=\"center\" style=\"text-align:center\">\n\n<hr size=\"2\" width=\"100%\" align=\"center\">\n\n<\/div><p><b>Declaraci\u00f3n de accesibilidad (sitio web)<o:p><\/o:p><\/b><\/p><p><b>Declaraci\u00f3n sobre accesibilidad<\/b><br>\nQueremos que nuestro sitio web sea accesible al mayor n\u00famero de personas posible.\nTrabajamos para mejorar continuamente los contenidos y las funciones (p. ej.\nmanejo del teclado, contrastes, estructura comprensible, textos alternativos para\nim\u00e1genes, formularios claros).<o:p><\/o:p><\/p><p><b>Comentarios y contacto<\/b><br>\nSi observa alg\u00fan obst\u00e1culo o necesita ayuda para acceder a los contenidos,\np\u00f3ngase en contacto con nosotros:<br>\nCorreo electr\u00f3nico: info@twofinewheels.com<br>\nTel\u00e9fono: +49 30 286 43622<o:p><\/o:p><\/p><p><b>Centro de Vigilancia del Mercado<\/b><br>\nCentro de Vigilancia del Mercado de los Estados Federados para la Accesibilidad de Productos y Servicios\nServicios (MLBF)<br>\nc\/o Ministerio de Trabajo, Asuntos Sociales, Sanidad e Igualdad de Oportunidades\nSajonia-Anhalt<br>\nApartado de correos 39 11 55, 39135 Magdeburgo<br>\nTel\u00e9fono: 0391 567 6970<br>\nE-mail: MLBF(at)ms.sachsen-anhalt.de <a href=\"https:\/\/ms.sachsen-anhalt.de\/themen\/menschen-mit-behinderungen\/aktuelles\/marktueberwachungsstelle-der-laender-fuer-die-barrierefreiheit-von-produkten-und-dienstleistungen\" target=\"_blank\">Portal del Estado federado de Sajonia-Anhalt<\/a><o:p><\/o:p><\/p><p><b>Stand<\/b><br>\n01 de enero de 2026<\/p><ol style=\"margin-top:0cm\" start=\"1\" type=\"1\">\n<\/ol>\t\t\t\t\t\t\t\t<\/div>\n\t\t\t\t<\/div>\n\t\t\t\t\t<\/div>\n\t\t<\/div>\n\t\t\t\t\t<\/div>\n\t\t<\/section>\n\t\t\t\t<\/div>","protected":false},"excerpt":{"rendered":"<p>ImpressumAngaben gem\u00e4\u00df \u00a7 5 TMG \/ \u00a7 18 Abs. 2 MStV (soweit anwendbar) Two Fine WheelsEinzelunternehmer: Fabian RungeBergmannstra\u00dfe 9010961 BerlinDeutschland KontaktTelefon: +49 30 286 43622E-Mail: info@twofinewheels.com Umsatzsteuer-Identifikationsnummer gem\u00e4\u00df \u00a7 27a UStGDE 363007109 HandelsregisterNicht eingetragen. \u00a0 Websitetwofinewheels.com Datenschutzerkl\u00e4rung (DSGVO)&nbsp; Datenschutzerkl\u00e4rung 1. Verantwortlicher Two Fine Wheels \u2013 Fabian Runge Bergmannstra\u00dfe 90, 10961 Berlin, Deutschland Telefon: +49 30 [&hellip;]<\/p>\n","protected":false},"author":1,"featured_media":0,"parent":0,"menu_order":0,"comment_status":"closed","ping_status":"closed","template":"","meta":{"footnotes":""},"class_list":["post-377","page","type-page","status-publish","hentry"],"yoast_head":"<!-- This site is optimized with the Yoast SEO plugin v27.4 - https:\/\/yoast.com\/product\/yoast-seo-wordpress\/ -->\n<title>Impressum - Two Fine Wheels Berlin &amp; Mallorca<\/title>\n<meta name=\"robots\" content=\"index, follow, max-snippet:-1, max-image-preview:large, max-video-preview:-1\" \/>\n<link rel=\"canonical\" href=\"https:\/\/twofinewheels.com\/es\/imprimir\/\" \/>\n<meta property=\"og:locale\" content=\"es_ES\" \/>\n<meta property=\"og:type\" content=\"article\" \/>\n<meta property=\"og:title\" content=\"Impressum - Two Fine Wheels Berlin &amp; Mallorca\" \/>\n<meta property=\"og:description\" content=\"ImpressumAngaben gem\u00e4\u00df \u00a7 5 TMG \/ \u00a7 18 Abs. 2 MStV (soweit anwendbar) Two Fine WheelsEinzelunternehmer: Fabian RungeBergmannstra\u00dfe 9010961 BerlinDeutschland KontaktTelefon: +49 30 286 43622E-Mail: info@twofinewheels.com Umsatzsteuer-Identifikationsnummer gem\u00e4\u00df \u00a7 27a UStGDE 363007109 HandelsregisterNicht eingetragen. \u00a0 Websitetwofinewheels.com Datenschutzerkl\u00e4rung (DSGVO)&nbsp; Datenschutzerkl\u00e4rung 1. Verantwortlicher Two Fine Wheels \u2013 Fabian Runge Bergmannstra\u00dfe 90, 10961 Berlin, Deutschland Telefon: +49 30 [&hellip;]\" \/>\n<meta property=\"og:url\" content=\"https:\/\/twofinewheels.com\/es\/imprimir\/\" \/>\n<meta property=\"og:site_name\" content=\"Two Fine Wheels Berlin &amp; Mallorca\" \/>\n<meta property=\"article:modified_time\" content=\"2026-01-07T17:20:20+00:00\" \/>\n<meta name=\"twitter:card\" content=\"summary_large_image\" \/>\n<meta name=\"twitter:label1\" content=\"Tiempo de lectura\" \/>\n\t<meta name=\"twitter:data1\" content=\"4 minutos\" \/>\n<script type=\"application\/ld+json\" class=\"yoast-schema-graph\">{\"@context\":\"https:\\\/\\\/schema.org\",\"@graph\":[{\"@type\":\"WebPage\",\"@id\":\"https:\\\/\\\/twofinewheels.com\\\/impressum\\\/\",\"url\":\"https:\\\/\\\/twofinewheels.com\\\/impressum\\\/\",\"name\":\"Impressum - Two Fine Wheels Berlin &amp; Mallorca\",\"isPartOf\":{\"@id\":\"https:\\\/\\\/twofinewheels.com\\\/#website\"},\"datePublished\":\"2023-11-26T22:26:23+00:00\",\"dateModified\":\"2026-01-07T17:20:20+00:00\",\"breadcrumb\":{\"@id\":\"https:\\\/\\\/twofinewheels.com\\\/impressum\\\/#breadcrumb\"},\"inLanguage\":\"es\",\"potentialAction\":[{\"@type\":\"ReadAction\",\"target\":[\"https:\\\/\\\/twofinewheels.com\\\/impressum\\\/\"]}]},{\"@type\":\"BreadcrumbList\",\"@id\":\"https:\\\/\\\/twofinewheels.com\\\/impressum\\\/#breadcrumb\",\"itemListElement\":[{\"@type\":\"ListItem\",\"position\":1,\"name\":\"Startseite\",\"item\":\"https:\\\/\\\/twofinewheels.com\\\/\"},{\"@type\":\"ListItem\",\"position\":2,\"name\":\"Impressum\"}]},{\"@type\":\"WebSite\",\"@id\":\"https:\\\/\\\/twofinewheels.com\\\/#website\",\"url\":\"https:\\\/\\\/twofinewheels.com\\\/\",\"name\":\"Two Fine Wheels Berlin &amp; Mallorca\",\"description\":\"Bikeshop - Bikerental - Bikefitting\",\"publisher\":{\"@id\":\"https:\\\/\\\/twofinewheels.com\\\/#organization\"},\"potentialAction\":[{\"@type\":\"SearchAction\",\"target\":{\"@type\":\"EntryPoint\",\"urlTemplate\":\"https:\\\/\\\/twofinewheels.com\\\/?s={search_term_string}\"},\"query-input\":{\"@type\":\"PropertyValueSpecification\",\"valueRequired\":true,\"valueName\":\"search_term_string\"}}],\"inLanguage\":\"es\"},{\"@type\":\"Organization\",\"@id\":\"https:\\\/\\\/twofinewheels.com\\\/#organization\",\"name\":\"Two Fine Wheels Berlin &amp; Mallorca\",\"url\":\"https:\\\/\\\/twofinewheels.com\\\/\",\"logo\":{\"@type\":\"ImageObject\",\"inLanguage\":\"es\",\"@id\":\"https:\\\/\\\/twofinewheels.com\\\/#\\\/schema\\\/logo\\\/image\\\/\",\"url\":\"https:\\\/\\\/twofinewheels.com\\\/wp-content\\\/uploads\\\/2023\\\/05\\\/cropped-tfw_logo.png\",\"contentUrl\":\"https:\\\/\\\/twofinewheels.com\\\/wp-content\\\/uploads\\\/2023\\\/05\\\/cropped-tfw_logo.png\",\"width\":512,\"height\":512,\"caption\":\"Two Fine Wheels Berlin &amp; Mallorca\"},\"image\":{\"@id\":\"https:\\\/\\\/twofinewheels.com\\\/#\\\/schema\\\/logo\\\/image\\\/\"}}]}<\/script>\n<!-- \/ Yoast SEO plugin. -->","yoast_head_json":{"title":"Pie de imprenta - Two Fine Wheels Berl\u00edn y Mallorca","robots":{"index":"index","follow":"follow","max-snippet":"max-snippet:-1","max-image-preview":"max-image-preview:large","max-video-preview":"max-video-preview:-1"},"canonical":"https:\/\/twofinewheels.com\/es\/imprimir\/","og_locale":"es_ES","og_type":"article","og_title":"Impressum - Two Fine Wheels Berlin &amp; Mallorca","og_description":"ImpressumAngaben gem\u00e4\u00df \u00a7 5 TMG \/ \u00a7 18 Abs. 2 MStV (soweit anwendbar) Two Fine WheelsEinzelunternehmer: Fabian RungeBergmannstra\u00dfe 9010961 BerlinDeutschland KontaktTelefon: +49 30 286 43622E-Mail: info@twofinewheels.com Umsatzsteuer-Identifikationsnummer gem\u00e4\u00df \u00a7 27a UStGDE 363007109 HandelsregisterNicht eingetragen. \u00a0 Websitetwofinewheels.com Datenschutzerkl\u00e4rung (DSGVO)&nbsp; Datenschutzerkl\u00e4rung 1. Verantwortlicher Two Fine Wheels \u2013 Fabian Runge Bergmannstra\u00dfe 90, 10961 Berlin, Deutschland Telefon: +49 30 [&hellip;]","og_url":"https:\/\/twofinewheels.com\/es\/imprimir\/","og_site_name":"Two Fine Wheels Berlin &amp; Mallorca","article_modified_time":"2026-01-07T17:20:20+00:00","twitter_card":"summary_large_image","twitter_misc":{"Tiempo de lectura":"4 minutos"},"schema":{"@context":"https:\/\/schema.org","@graph":[{"@type":"WebPage","@id":"https:\/\/twofinewheels.com\/impressum\/","url":"https:\/\/twofinewheels.com\/impressum\/","name":"Pie de imprenta - Two Fine Wheels Berl\u00edn y Mallorca","isPartOf":{"@id":"https:\/\/twofinewheels.com\/#website"},"datePublished":"2023-11-26T22:26:23+00:00","dateModified":"2026-01-07T17:20:20+00:00","breadcrumb":{"@id":"https:\/\/twofinewheels.com\/impressum\/#breadcrumb"},"inLanguage":"es","potentialAction":[{"@type":"ReadAction","target":["https:\/\/twofinewheels.com\/impressum\/"]}]},{"@type":"BreadcrumbList","@id":"https:\/\/twofinewheels.com\/impressum\/#breadcrumb","itemListElement":[{"@type":"ListItem","position":1,"name":"Startseite","item":"https:\/\/twofinewheels.com\/"},{"@type":"ListItem","position":2,"name":"Impressum"}]},{"@type":"WebSite","@id":"https:\/\/twofinewheels.com\/#website","url":"https:\/\/twofinewheels.com\/","name":"Two Fine Wheels Berl\u00edn y Mallorca","description":"Tienda de bicicletas - Alquiler de bicicletas - Montaje de bicicletas","publisher":{"@id":"https:\/\/twofinewheels.com\/#organization"},"potentialAction":[{"@type":"SearchAction","target":{"@type":"EntryPoint","urlTemplate":"https:\/\/twofinewheels.com\/?s={search_term_string}"},"query-input":{"@type":"PropertyValueSpecification","valueRequired":true,"valueName":"search_term_string"}}],"inLanguage":"es"},{"@type":"Organization","@id":"https:\/\/twofinewheels.com\/#organization","name":"Two Fine Wheels Berl\u00edn y Mallorca","url":"https:\/\/twofinewheels.com\/","logo":{"@type":"ImageObject","inLanguage":"es","@id":"https:\/\/twofinewheels.com\/#\/schema\/logo\/image\/","url":"https:\/\/twofinewheels.com\/wp-content\/uploads\/2023\/05\/cropped-tfw_logo.png","contentUrl":"https:\/\/twofinewheels.com\/wp-content\/uploads\/2023\/05\/cropped-tfw_logo.png","width":512,"height":512,"caption":"Two Fine Wheels Berlin &amp; Mallorca"},"image":{"@id":"https:\/\/twofinewheels.com\/#\/schema\/logo\/image\/"}}]}},"_links":{"self":[{"href":"https:\/\/twofinewheels.com\/es\/wp-json\/wp\/v2\/pages\/377","targetHints":{"allow":["GET"]}}],"collection":[{"href":"https:\/\/twofinewheels.com\/es\/wp-json\/wp\/v2\/pages"}],"about":[{"href":"https:\/\/twofinewheels.com\/es\/wp-json\/wp\/v2\/types\/page"}],"author":[{"embeddable":true,"href":"https:\/\/twofinewheels.com\/es\/wp-json\/wp\/v2\/users\/1"}],"replies":[{"embeddable":true,"href":"https:\/\/twofinewheels.com\/es\/wp-json\/wp\/v2\/comments?post=377"}],"version-history":[{"count":0,"href":"https:\/\/twofinewheels.com\/es\/wp-json\/wp\/v2\/pages\/377\/revisions"}],"wp:attachment":[{"href":"https:\/\/twofinewheels.com\/es\/wp-json\/wp\/v2\/media?parent=377"}],"curies":[{"name":"wp","href":"https:\/\/api.w.org\/{rel}","templated":true}]}}