{"id":377,"date":"2023-11-26T22:26:23","date_gmt":"2023-11-26T22:26:23","guid":{"rendered":"https:\/\/twofinewheels.com\/?page_id=377"},"modified":"2026-01-07T17:20:20","modified_gmt":"2026-01-07T17:20:20","slug":"mentions-legales","status":"publish","type":"page","link":"https:\/\/twofinewheels.com\/fr\/mentions-legales\/","title":{"rendered":"Mentions l\u00e9gales"},"content":{"rendered":"<div data-elementor-type=\"wp-page\" data-elementor-id=\"377\" class=\"elementor elementor-377\" data-elementor-post-type=\"page\">\n\t\t\t\t\t\t<section class=\"elementor-section elementor-top-section elementor-element elementor-element-6a0573d elementor-section-boxed elementor-section-height-default elementor-section-height-default\" data-id=\"6a0573d\" data-element_type=\"section\" data-e-type=\"section\">\n\t\t\t\t\t\t<div class=\"elementor-container elementor-column-gap-default\">\n\t\t\t\t\t<div class=\"elementor-column elementor-col-100 elementor-top-column elementor-element elementor-element-529e578\" data-id=\"529e578\" data-element_type=\"column\" data-e-type=\"column\">\n\t\t\t<div class=\"elementor-widget-wrap elementor-element-populated\">\n\t\t\t\t\t\t<div class=\"elementor-element elementor-element-27673e6 elementor-widget elementor-widget-text-editor\" data-id=\"27673e6\" data-element_type=\"widget\" data-e-type=\"widget\" data-widget_type=\"text-editor.default\">\n\t\t\t\t<div class=\"elementor-widget-container\">\n\t\t\t\t\t\t\t\t\t<p class=\"MsoNormal\"><b>Mentions l\u00e9gales<\/b><br \/>Informations selon \u00a7 5 TMG \/ \u00a7 18 Abs. 2 MStV (si applicable)<\/p>\n<p class=\"MsoNormal\"><b>Two Fine Wheels<\/b><br \/>Entrepreneur individuel : Fabian Runge<br \/>90, rue Bergmann<br \/>10961 Berlin<br \/>Allemagne<\/p>\n<p class=\"MsoNormal\"><b>Contact<\/b><br \/>T\u00e9l\u00e9phone : +49 30 286 43622<br \/>Courrier \u00e9lectronique : info@twofinewheels.com<\/p>\n<p class=\"MsoNormal\"><b>Num\u00e9ro d'identification de la taxe sur le chiffre d'affaires conform\u00e9ment au \u00a7 27a de la loi allemande sur la TVA (UStG)<\/b><br \/>FR 363007109<\/p>\n<p class=\"MsoNormal\"><b>Registre du commerce<\/b><br \/>Non enregistr\u00e9.<\/p>\n<p>\u00a0<\/p>\n<p class=\"MsoNormal\"><b>Site web<\/b><br \/>twofinewheels.com<\/p>\t\t\t\t\t\t\t\t<\/div>\n\t\t\t\t<\/div>\n\t\t\t\t\t<\/div>\n\t\t<\/div>\n\t\t\t\t\t<\/div>\n\t\t<\/section>\n\t\t\t\t<section class=\"elementor-section elementor-top-section elementor-element elementor-element-cb799ae elementor-section-boxed elementor-section-height-default elementor-section-height-default\" data-id=\"cb799ae\" data-element_type=\"section\" data-e-type=\"section\">\n\t\t\t\t\t\t<div class=\"elementor-container elementor-column-gap-default\">\n\t\t\t\t\t<div class=\"elementor-column elementor-col-100 elementor-top-column elementor-element elementor-element-7f17754\" data-id=\"7f17754\" data-element_type=\"column\" data-e-type=\"column\">\n\t\t\t<div class=\"elementor-widget-wrap elementor-element-populated\">\n\t\t\t\t\t\t<div class=\"elementor-element elementor-element-e2841ab elementor-widget elementor-widget-text-editor\" data-id=\"e2841ab\" data-element_type=\"widget\" data-e-type=\"widget\" data-widget_type=\"text-editor.default\">\n\t\t\t\t<div class=\"elementor-widget-container\">\n\t\t\t\t\t\t\t\t\t<p><b>D\u00e9claration de protection des donn\u00e9es (RGPD)&nbsp;<o:p><\/o:p><\/b><\/p><p><b>D\u00e9claration de confidentialit\u00e9<\/b><o:p><\/o:p><\/p><p><b>1\u00e8re r\u00e9union du comit\u00e9 d'organisation<\/b><br>\nTwo Fine Wheels - Fabian Runge<br>\nBergmannstra\u00dfe 90, 10961 Berlin, Allemagne<br>\nT\u00e9l\u00e9phone : +49 30 286 43622<br>\nCourrier \u00e9lectronique : info@twofinewheels.com<o:p><\/o:p><\/p><p><b>2. d\u00e9l\u00e9gu\u00e9 \u00e0 la protection des donn\u00e9es<\/b><br>\nUn d\u00e9l\u00e9gu\u00e9 \u00e0 la protection des donn\u00e9es n'a pas \u00e9t\u00e9 d\u00e9sign\u00e9.<o:p><\/o:p><\/p><p><b>3. h\u00e9bergement (STRATO)<\/b><br>\nNotre site web est h\u00e9berg\u00e9 par STRATO. Lors de la consultation du site web, nous traitons\nSTRATO traite les donn\u00e9es du journal du serveur (notamment l'adresse IP, la date\/l'heure, la page consult\u00e9e,\nUser-Agent) afin de mettre \u00e0 disposition le site web et de lutter contre les attaques. STRATO\nstocke les adresses IP des visiteurs du site web, selon ses propres informations\nen principe jusqu'\u00e0 7 jours pour la d\u00e9fense\/d\u00e9tection d'attaques. Base juridique\nest l'art. 6, alin\u00e9a 1, lettre f du RGPD (int\u00e9r\u00eat l\u00e9gitime : s\u00e9curit\u00e9 et stabilit\u00e9 du site).\nmise \u00e0 disposition). <a href=\"https:\/\/www.strato-hosting.co.uk\/faq\/old\/questions-about-contract-data-processing-cdp-and-the-new-eu-general-data-protection-regulation-gdpr\/\" target=\"_blank\">STRATO GmbH<\/a><o:p><\/o:p><\/p><p><b>4. prise de contact (e-mail\/t\u00e9l\u00e9phone\/formulaire de contact)<\/b><br>\nLorsque tu nous contactes, nous traitons tes donn\u00e9es (par ex. nom, e-mail,\nnum\u00e9ro de t\u00e9l\u00e9phone, message) afin de traiter ta demande. La base juridique est\nArt. 6, paragraphe 1, point b du RGPD (mesures pr\u00e9contractuelles\/contrat) et\/ou art. 6\nalin\u00e9a 1 lettre f du RGPD (communication efficace).<o:p><\/o:p><\/p><p><b>5. r\u00e9servation de rendez-vous via SumUp Bookings<\/b><br>\nNous utilisons <b>SumUp Bookings<\/b> pour les r\u00e9servations de rendez-vous. Dans ce cadre, des\ndonn\u00e9es \u00e0 caract\u00e8re personnel des clients finaux et, le cas \u00e9ch\u00e9ant, des collaborateurs, pour\nde permettre et de g\u00e9rer les rendez-vous. SumUp attire express\u00e9ment l'attention sur ce point,\nque des donn\u00e9es \u00e0 caract\u00e8re personnel sont trait\u00e9es pour la fourniture des services de r\u00e9servation.\net qu'une <b>Accord de traitement des donn\u00e9es de r\u00e9servation (Booking DPA)<\/b>\ns'applique. <a href=\"https:\/\/www.sumup.com\/de-de\/geschaeftsbedingungen\/bookings\/\" target=\"_blank\">SumUp - Une meilleure fa\u00e7on de gagner de l'argent<\/a><br>\nBase juridique : art. 6, al. 1, let. b RGPD\n(prise de rendez-vous\/conclusion de contrats) ainsi que, le cas \u00e9ch\u00e9ant, art. 6, al. 1, let. f RGPD\n(organisation\/administration).<br>\n<b>Traitement des donn\u00e9es\/transmissions :<\/b> SumUp traite des donn\u00e9es dans le cadre\nd'un DPA. Selon SumUp, le traitement a lieu dans le <b>EEE et Royaume-Uni\nRoyaume-Uni<\/b> Les \u00e9ventuels transferts vers des pays tiers sont effectu\u00e9s conform\u00e9ment \u00e0 des\ndes clauses contractuelles types ou des m\u00e9canismes appropri\u00e9s. <a href=\"https:\/\/www.sumup.com\/de-de\/geschaeftsbedingungen\/dpa\/\" target=\"_blank\">SumUp\n- Une meilleure fa\u00e7on de se faire payer<\/a><br><br><o:p><\/o:p><\/p><p><b>6. cookies et gestion du consentement (Cookiebot CMP)<\/b><br>\nNous utilisons un outil de gestion du consentement pour recueillir les consentements pour les\ncookies\/technologies n\u00e9cessitant un consentement et de les documenter.\nPour ce faire, nous utilisons <b>Cookiebot CMP<\/b> (Usercentrics A\/S, Havnegade 39, 1058\nCopenhague, Danemark). <a href=\"https:\/\/www.cookiebot.com\/en\/privacy-policy\/?utm_source=chatgpt.com\" target=\"_blank\">Cookiebot+1<\/a><br>\nBases juridiques :<o:p><\/o:p><\/p><ul style=\"margin-top:0cm\" type=\"disc\">\n <li>technique\n     cookies n\u00e9cessaires : art. 6, al. 1, let. f RGPD (int\u00e9r\u00eat l\u00e9gitime)<o:p><\/o:p><\/li>\n <li>Analyse\/marketing\/externes\n     M\u00e9dias : article 6, paragraphe 1, point a du RGPD (consentement) en relation avec l'article 25 de la TDDDG <a href=\"https:\/\/www.ihk.de\/koeln\/hauptnavigation\/recht-steuern\/regeln-fuer-cookies-ttdsg-5259484\" target=\"_blank\">Chambre de commerce et d'industrie<\/a><br>\n     Tu peux modifier ton consentement \u00e0 tout moment en cliquant sur \u201eParam\u00e8tres des cookies\u201c.\n     ou le r\u00e9voquer.<o:p><\/o:p><\/li>\n<\/ul><p><b>7. analyse web : Google Analytics (via Google Tag Manager)<\/b><br>\nSi tu as donn\u00e9 ton accord, nous utilisons Google Analytics pour la mesure d'audience et l'analyse du site.\net l'analyse de l'utilisation du site web. L'int\u00e9gration se fait via le Google Tag\nGestionnaire de balises. Base juridique : art. 6, al. 1, let. a du RGPD (consentement).<br>\nNous mettons en place\/configurons dans le cadre du consentement <b>Mode de consentement<\/b>; celui-ci\nre\u00e7oit les signaux de consentement de la banni\u00e8re et contr\u00f4le le comportement des tags.\nbalises Google. <a href=\"https:\/\/support.google.com\/google-ads\/answer\/10000067?hl=en\" target=\"_blank\">Aide Google+1<\/a><br>\n<b>R\u00e9cepteurs :<\/b> Google Ireland Limited (le cas \u00e9ch\u00e9ant, li\u00e9 \u00e0 des\ntransferts de donn\u00e9es vers des pays tiers - en fonction de la configuration\/du produit).<o:p><\/o:p><\/p><p><b>8. marketing\/conversion : Google Ads Conversion Tracking\n(via GTM)<\/b><br>\nSi tu y as consenti, nous mesurons les conversions des campagnes Google Ads.\nBase juridique : art. 6, al. 1, let. a du RGPD (consentement). Ici aussi, nous utilisons\nConsent Mode est utilis\u00e9 pour contr\u00f4ler l'ex\u00e9cution des tags. <a href=\"https:\/\/support.google.com\/google-ads\/answer\/10000067?hl=en\" target=\"_blank\">Aide Google+1<\/a><o:p><\/o:p><\/p><p><b>9. Google Maps (int\u00e9gr\u00e9)<\/b><br>\nGoogle Maps est int\u00e9gr\u00e9 au site web. Lors du chargement, des donn\u00e9es (par ex.\nadresse IP, donn\u00e9es d'utilisation) sont transmises \u00e0 Google. Google Maps n'est charg\u00e9 que\napr\u00e8s accord dans \u201eM\u00e9dias externes\u201c (si cela a \u00e9t\u00e9 fait).\nconfigur\u00e9).<o:p><\/o:p><\/p><p><b>10. polices Google (charg\u00e9es par Google)<\/b><br>\nLorsque les polices Google sont charg\u00e9es par les serveurs de Google, des donn\u00e9es de connexion sont transmises lors de la consultation de la page.\ndes donn\u00e9es de connexion (par ex. adresse IP) sont transmises \u00e0 Google. Nous recommandons d'utiliser des polices\nde les h\u00e9berger localement (ce chargement tiers n'est alors pas n\u00e9cessaire).<o:p><\/o:p><\/p><p><b>11. dur\u00e9e de conservation<\/b><br>\nNous ne conservons les donn\u00e9es \u00e0 caract\u00e8re personnel qu'aussi longtemps que cela est n\u00e9cessaire pour les\nn\u00e9cessaire ou s'il existe des obligations l\u00e9gales de conservation.<o:p><\/o:p><\/p><p><b>12. tes droits<\/b><br>\nTu as notamment le droit \u00e0 l'information, \u00e0 la rectification, \u00e0 l'effacement,\nla limitation du traitement, la portabilit\u00e9 des donn\u00e9es et l'opposition.\nTu peux r\u00e9voquer \u00e0 tout moment les consentements avec effet pour l'avenir.<o:p><\/o:p><\/p><p><b>13. droit de recours<\/b><br>\nTu as le droit de d\u00e9poser une plainte aupr\u00e8s d'une autorit\u00e9 de surveillance de la protection des donn\u00e9es.\nEn r\u00e8gle g\u00e9n\u00e9rale, l'autorit\u00e9 de surveillance comp\u00e9tente est celle de ton lieu de r\u00e9sidence ou de ton si\u00e8ge social.\ndu si\u00e8ge de notre entreprise.<o:p><\/o:p><\/p><p><b>14e stand<\/b><br>01 janvier 2026<o:p><\/o:p><\/p><div align=\"center\" style=\"text-align:center\">\n\n<hr size=\"2\" width=\"100%\" align=\"center\">\n\n<\/div><p><br><\/p><div align=\"center\" style=\"text-align:center\">\n\n<hr size=\"2\" width=\"100%\" align=\"center\">\n\n<\/div><p><b>Information sur le r\u00e8glement des litiges de consommation<o:p><\/o:p><\/b><\/p><p><b>Remarque conform\u00e9ment au \u00a7 36 VSBG (r\u00e8glement des litiges de consommation) :<\/b><br>\nNous ne sommes ni oblig\u00e9s ni pr\u00eats \u00e0 participer \u00e0 des proc\u00e9dures de r\u00e8glement des litiges devant un\nde participer \u00e0 un organisme de conciliation des consommateurs.<\/p><div align=\"center\" style=\"text-align:center\">\n\n<hr size=\"2\" width=\"100%\" align=\"center\">\n\n<\/div><p><b>D\u00e9claration d'accessibilit\u00e9 (site web)<o:p><\/o:p><\/b><\/p><p><b>D\u00e9claration d'accessibilit\u00e9<\/b><br>\nNous souhaitons que notre site web soit accessible au plus grand nombre de personnes possible.\nNous nous effor\u00e7ons d'am\u00e9liorer en permanence le contenu et les fonctions (par ex.\nfacilit\u00e9 d'utilisation du clavier, contrastes, structure compr\u00e9hensible, textes alternatifs pour les\nimages, formulaires clairs).<o:p><\/o:p><\/p><p><b>Feedback &amp; contact<\/b><br>\nSi tu remarques des barri\u00e8res ou si tu as besoin d'aide pour acc\u00e9der \u00e0 des contenus,\nn'h\u00e9site pas \u00e0 nous contacter :<br>\nCourrier \u00e9lectronique : info@twofinewheels.com<br>\nT\u00e9l\u00e9phone : +49 30 286 43622<o:p><\/o:p><\/p><p><b>Organisme d'application\/de surveillance du march\u00e9<\/b><br>\nAgence de surveillance du march\u00e9 des L\u00e4nder pour l'accessibilit\u00e9 des produits et des services\nServices (MLBF)<br>\nc\/o Minist\u00e8re du travail, des affaires sociales, de la sant\u00e9 et de l'\u00e9galit\u00e9 des chances\nSaxe-Anhalt<br>\nBo\u00eete postale 39 11 55, 39135 Magdebourg<br>\nT\u00e9l\u00e9phone : 0391 567 6970<br>\nCourrier \u00e9lectronique : MLBF(at)ms.sachsen-anhalt.de <a href=\"https:\/\/ms.sachsen-anhalt.de\/themen\/menschen-mit-behinderungen\/aktuelles\/marktueberwachungsstelle-der-laender-fuer-die-barrierefreiheit-von-produkten-und-dienstleistungen\" target=\"_blank\">Portail du Land de Saxe-Anhalt<\/a><o:p><\/o:p><\/p><p><b>Stand<\/b><br>\n01 janvier 2026<\/p><ol style=\"margin-top:0cm\" start=\"1\" type=\"1\">\n<\/ol>\t\t\t\t\t\t\t\t<\/div>\n\t\t\t\t<\/div>\n\t\t\t\t\t<\/div>\n\t\t<\/div>\n\t\t\t\t\t<\/div>\n\t\t<\/section>\n\t\t\t\t<\/div>","protected":false},"excerpt":{"rendered":"<p>ImpressumAngaben gem\u00e4\u00df \u00a7 5 TMG \/ \u00a7 18 Abs. 2 MStV (soweit anwendbar) Two Fine WheelsEinzelunternehmer: Fabian RungeBergmannstra\u00dfe 9010961 BerlinDeutschland KontaktTelefon: +49 30 286 43622E-Mail: info@twofinewheels.com Umsatzsteuer-Identifikationsnummer gem\u00e4\u00df \u00a7 27a UStGDE 363007109 HandelsregisterNicht eingetragen. \u00a0 Websitetwofinewheels.com Datenschutzerkl\u00e4rung (DSGVO)&nbsp; Datenschutzerkl\u00e4rung 1. Verantwortlicher Two Fine Wheels \u2013 Fabian Runge Bergmannstra\u00dfe 90, 10961 Berlin, Deutschland Telefon: +49 30 [&hellip;]<\/p>\n","protected":false},"author":1,"featured_media":0,"parent":0,"menu_order":0,"comment_status":"closed","ping_status":"closed","template":"","meta":{"footnotes":""},"class_list":["post-377","page","type-page","status-publish","hentry"],"yoast_head":"<!-- This site is optimized with the Yoast SEO plugin v27.5 - https:\/\/yoast.com\/product\/yoast-seo-wordpress\/ -->\n<title>Impressum - Two Fine Wheels Berlin &amp; Mallorca<\/title>\n<meta name=\"robots\" content=\"index, follow, max-snippet:-1, max-image-preview:large, max-video-preview:-1\" \/>\n<link rel=\"canonical\" href=\"https:\/\/twofinewheels.com\/fr\/mentions-legales\/\" \/>\n<meta property=\"og:locale\" content=\"fr_FR\" \/>\n<meta property=\"og:type\" content=\"article\" \/>\n<meta property=\"og:title\" content=\"Impressum - Two Fine Wheels Berlin &amp; Mallorca\" \/>\n<meta property=\"og:description\" content=\"ImpressumAngaben gem\u00e4\u00df \u00a7 5 TMG \/ \u00a7 18 Abs. 2 MStV (soweit anwendbar) Two Fine WheelsEinzelunternehmer: Fabian RungeBergmannstra\u00dfe 9010961 BerlinDeutschland KontaktTelefon: +49 30 286 43622E-Mail: info@twofinewheels.com Umsatzsteuer-Identifikationsnummer gem\u00e4\u00df \u00a7 27a UStGDE 363007109 HandelsregisterNicht eingetragen. \u00a0 Websitetwofinewheels.com Datenschutzerkl\u00e4rung (DSGVO)&nbsp; Datenschutzerkl\u00e4rung 1. Verantwortlicher Two Fine Wheels \u2013 Fabian Runge Bergmannstra\u00dfe 90, 10961 Berlin, Deutschland Telefon: +49 30 [&hellip;]\" \/>\n<meta property=\"og:url\" content=\"https:\/\/twofinewheels.com\/fr\/mentions-legales\/\" \/>\n<meta property=\"og:site_name\" content=\"Two Fine Wheels Berlin &amp; Mallorca\" \/>\n<meta property=\"article:modified_time\" content=\"2026-01-07T17:20:20+00:00\" \/>\n<meta name=\"twitter:card\" content=\"summary_large_image\" \/>\n<meta name=\"twitter:label1\" content=\"Dur\u00e9e de lecture estim\u00e9e\" \/>\n\t<meta name=\"twitter:data1\" content=\"4 minutes\" \/>\n<script type=\"application\/ld+json\" class=\"yoast-schema-graph\">{\"@context\":\"https:\\\/\\\/schema.org\",\"@graph\":[{\"@type\":\"WebPage\",\"@id\":\"https:\\\/\\\/twofinewheels.com\\\/impressum\\\/\",\"url\":\"https:\\\/\\\/twofinewheels.com\\\/impressum\\\/\",\"name\":\"Impressum - Two Fine Wheels Berlin &amp; Mallorca\",\"isPartOf\":{\"@id\":\"https:\\\/\\\/twofinewheels.com\\\/#website\"},\"datePublished\":\"2023-11-26T22:26:23+00:00\",\"dateModified\":\"2026-01-07T17:20:20+00:00\",\"breadcrumb\":{\"@id\":\"https:\\\/\\\/twofinewheels.com\\\/impressum\\\/#breadcrumb\"},\"inLanguage\":\"fr-FR\",\"potentialAction\":[{\"@type\":\"ReadAction\",\"target\":[\"https:\\\/\\\/twofinewheels.com\\\/impressum\\\/\"]}]},{\"@type\":\"BreadcrumbList\",\"@id\":\"https:\\\/\\\/twofinewheels.com\\\/impressum\\\/#breadcrumb\",\"itemListElement\":[{\"@type\":\"ListItem\",\"position\":1,\"name\":\"Startseite\",\"item\":\"https:\\\/\\\/twofinewheels.com\\\/\"},{\"@type\":\"ListItem\",\"position\":2,\"name\":\"Impressum\"}]},{\"@type\":\"WebSite\",\"@id\":\"https:\\\/\\\/twofinewheels.com\\\/#website\",\"url\":\"https:\\\/\\\/twofinewheels.com\\\/\",\"name\":\"Two Fine Wheels Berlin &amp; Mallorca\",\"description\":\"Bikeshop - Bikerental - Bikefitting\",\"publisher\":{\"@id\":\"https:\\\/\\\/twofinewheels.com\\\/#organization\"},\"potentialAction\":[{\"@type\":\"SearchAction\",\"target\":{\"@type\":\"EntryPoint\",\"urlTemplate\":\"https:\\\/\\\/twofinewheels.com\\\/?s={search_term_string}\"},\"query-input\":{\"@type\":\"PropertyValueSpecification\",\"valueRequired\":true,\"valueName\":\"search_term_string\"}}],\"inLanguage\":\"fr-FR\"},{\"@type\":\"Organization\",\"@id\":\"https:\\\/\\\/twofinewheels.com\\\/#organization\",\"name\":\"Two Fine Wheels Berlin &amp; Mallorca\",\"url\":\"https:\\\/\\\/twofinewheels.com\\\/\",\"logo\":{\"@type\":\"ImageObject\",\"inLanguage\":\"fr-FR\",\"@id\":\"https:\\\/\\\/twofinewheels.com\\\/#\\\/schema\\\/logo\\\/image\\\/\",\"url\":\"https:\\\/\\\/twofinewheels.com\\\/wp-content\\\/uploads\\\/2023\\\/05\\\/cropped-tfw_logo.png\",\"contentUrl\":\"https:\\\/\\\/twofinewheels.com\\\/wp-content\\\/uploads\\\/2023\\\/05\\\/cropped-tfw_logo.png\",\"width\":512,\"height\":512,\"caption\":\"Two Fine Wheels Berlin &amp; Mallorca\"},\"image\":{\"@id\":\"https:\\\/\\\/twofinewheels.com\\\/#\\\/schema\\\/logo\\\/image\\\/\"}}]}<\/script>\n<!-- \/ Yoast SEO plugin. -->","yoast_head_json":{"title":"Mentions l\u00e9gales - Two Fine Wheels Berlin &amp; Mallorca","robots":{"index":"index","follow":"follow","max-snippet":"max-snippet:-1","max-image-preview":"max-image-preview:large","max-video-preview":"max-video-preview:-1"},"canonical":"https:\/\/twofinewheels.com\/fr\/mentions-legales\/","og_locale":"fr_FR","og_type":"article","og_title":"Impressum - Two Fine Wheels Berlin &amp; Mallorca","og_description":"ImpressumAngaben gem\u00e4\u00df \u00a7 5 TMG \/ \u00a7 18 Abs. 2 MStV (soweit anwendbar) Two Fine WheelsEinzelunternehmer: Fabian RungeBergmannstra\u00dfe 9010961 BerlinDeutschland KontaktTelefon: +49 30 286 43622E-Mail: info@twofinewheels.com Umsatzsteuer-Identifikationsnummer gem\u00e4\u00df \u00a7 27a UStGDE 363007109 HandelsregisterNicht eingetragen. \u00a0 Websitetwofinewheels.com Datenschutzerkl\u00e4rung (DSGVO)&nbsp; Datenschutzerkl\u00e4rung 1. Verantwortlicher Two Fine Wheels \u2013 Fabian Runge Bergmannstra\u00dfe 90, 10961 Berlin, Deutschland Telefon: +49 30 [&hellip;]","og_url":"https:\/\/twofinewheels.com\/fr\/mentions-legales\/","og_site_name":"Two Fine Wheels Berlin &amp; Mallorca","article_modified_time":"2026-01-07T17:20:20+00:00","twitter_card":"summary_large_image","twitter_misc":{"Dur\u00e9e de lecture estim\u00e9e":"4 minutes"},"schema":{"@context":"https:\/\/schema.org","@graph":[{"@type":"WebPage","@id":"https:\/\/twofinewheels.com\/impressum\/","url":"https:\/\/twofinewheels.com\/impressum\/","name":"Mentions l\u00e9gales - Two Fine Wheels Berlin &amp; Mallorca","isPartOf":{"@id":"https:\/\/twofinewheels.com\/#website"},"datePublished":"2023-11-26T22:26:23+00:00","dateModified":"2026-01-07T17:20:20+00:00","breadcrumb":{"@id":"https:\/\/twofinewheels.com\/impressum\/#breadcrumb"},"inLanguage":"fr-FR","potentialAction":[{"@type":"ReadAction","target":["https:\/\/twofinewheels.com\/impressum\/"]}]},{"@type":"BreadcrumbList","@id":"https:\/\/twofinewheels.com\/impressum\/#breadcrumb","itemListElement":[{"@type":"ListItem","position":1,"name":"Startseite","item":"https:\/\/twofinewheels.com\/"},{"@type":"ListItem","position":2,"name":"Impressum"}]},{"@type":"WebSite","@id":"https:\/\/twofinewheels.com\/#website","url":"https:\/\/twofinewheels.com\/","name":"Two Fine Wheels Berlin &amp; Majorque","description":"Bikeshop - Bikerental - Bikefitting","publisher":{"@id":"https:\/\/twofinewheels.com\/#organization"},"potentialAction":[{"@type":"SearchAction","target":{"@type":"EntryPoint","urlTemplate":"https:\/\/twofinewheels.com\/?s={search_term_string}"},"query-input":{"@type":"PropertyValueSpecification","valueRequired":true,"valueName":"search_term_string"}}],"inLanguage":"fr-FR"},{"@type":"Organization","@id":"https:\/\/twofinewheels.com\/#organization","name":"Two Fine Wheels Berlin &amp; Majorque","url":"https:\/\/twofinewheels.com\/","logo":{"@type":"ImageObject","inLanguage":"fr-FR","@id":"https:\/\/twofinewheels.com\/#\/schema\/logo\/image\/","url":"https:\/\/twofinewheels.com\/wp-content\/uploads\/2023\/05\/cropped-tfw_logo.png","contentUrl":"https:\/\/twofinewheels.com\/wp-content\/uploads\/2023\/05\/cropped-tfw_logo.png","width":512,"height":512,"caption":"Two Fine Wheels Berlin &amp; Mallorca"},"image":{"@id":"https:\/\/twofinewheels.com\/#\/schema\/logo\/image\/"}}]}},"_links":{"self":[{"href":"https:\/\/twofinewheels.com\/fr\/wp-json\/wp\/v2\/pages\/377","targetHints":{"allow":["GET"]}}],"collection":[{"href":"https:\/\/twofinewheels.com\/fr\/wp-json\/wp\/v2\/pages"}],"about":[{"href":"https:\/\/twofinewheels.com\/fr\/wp-json\/wp\/v2\/types\/page"}],"author":[{"embeddable":true,"href":"https:\/\/twofinewheels.com\/fr\/wp-json\/wp\/v2\/users\/1"}],"replies":[{"embeddable":true,"href":"https:\/\/twofinewheels.com\/fr\/wp-json\/wp\/v2\/comments?post=377"}],"version-history":[{"count":0,"href":"https:\/\/twofinewheels.com\/fr\/wp-json\/wp\/v2\/pages\/377\/revisions"}],"wp:attachment":[{"href":"https:\/\/twofinewheels.com\/fr\/wp-json\/wp\/v2\/media?parent=377"}],"curies":[{"name":"wp","href":"https:\/\/api.w.org\/{rel}","templated":true}]}}